{"id":2,"date":"2022-11-25T10:15:26","date_gmt":"2022-11-25T10:15:26","guid":{"rendered":"https:\/\/dev.edwradio.com\/?page_id=2"},"modified":"2025-04-11T21:18:16","modified_gmt":"2025-04-11T20:18:16","slug":"ventajas","status":"publish","type":"page","link":"https:\/\/dev.edwradio.com\/en\/ventajas\/","title":{"rendered":"Ventajas"},"content":{"rendered":"<p>[et_pb_section fb_built=\u00bb1&#8243; fullwidth=\u00bbon\u00bb _builder_version=\u00bb4.21.0&#8243; _module_preset=\u00bbdefault\u00bb global_colors_info=\u00bb{}\u00bb][et_pb_fullwidth_code _builder_version=\u00bb4.21.0&#8243; _module_preset=\u00bbdefault\u00bb global_colors_info=\u00bb{}\u00bb]<script type=\"text\/javascript\">jQuery(function() { _initLayerSlider( '#layerslider_2_17zrfznhvkfn6', {sliderVersion: '7.11.1', allowFullscreen: true, preventSliderClip: false, pauseOnHover: 'enabled', skin: 'v6', sliderFadeInDuration: 350, globalBGSize: 'cover', showCircleTimer: false, useSrcset: true, skinsPath: 'https:\/\/dev.edwradio.com\/wp-content\/plugins\/LayerSlider\/assets\/static\/layerslider\/skins\/', performanceMode: true}); });<\/script><div id=\"layerslider_2_17zrfznhvkfn6\" data-ls-slug=\"Inicio Slider\" class=\"ls-wp-container fitvidsignore ls-selectable\" style=\"width:1920px;height:1080px;margin:0 auto;margin-bottom: 0px;\"><div class=\"ls-slide\" ><img loading=\"lazy\" decoding=\"async\" width=\"1280\" height=\"720\" src=\"https:\/\/dev.edwradio.com\/wp-content\/uploads\/2023\/08\/ls-project-2-slide-1-1.jpg\" class=\"ls-tn\" alt=\"\" srcset=\"https:\/\/dev.edwradio.com\/wp-content\/uploads\/2023\/08\/ls-project-2-slide-1-1.jpg 1280w, https:\/\/dev.edwradio.com\/wp-content\/uploads\/2023\/08\/ls-project-2-slide-1-1-980x551.jpg 980w, https:\/\/dev.edwradio.com\/wp-content\/uploads\/2023\/08\/ls-project-2-slide-1-1-480x270.jpg 480w\" sizes=\"(min-width: 0px) and (max-width: 480px) 480px, (min-width: 481px) and (max-width: 980px) 980px, (min-width: 981px) 1280px, 100vw\" \/><img loading=\"lazy\" decoding=\"async\" width=\"1905\" height=\"1071\" src=\"https:\/\/dev.edwradio.com\/wp-content\/uploads\/2025\/04\/ASummerStory22_2206190559_cDanielVazquez__DSC9785-1-1.svg\" class=\"ls-l ls-img-layer\" alt=\"\" style=\"top:-161px;left:-358px;text-align:initial;mix-blend-mode:normal;width:2750px;height:1234px;\" data-ls=\"showinfo:1;loop:true;loopoffsetx:-220;loopoffsety:-30;loopduration:10000;loopstartat:transitioninstart + 0;loopeasing:easeInOutSine;looprotatey:3;loopscalex:1.2;loopscaley:1.2;loopcount:-1;loopyoyo:true;position:relative;\"><img loading=\"lazy\" decoding=\"async\" width=\"1905\" height=\"1071\" src=\"https:\/\/dev.edwradio.com\/wp-content\/uploads\/2025\/04\/Inicio-Slider-1.svg\" class=\"ls-l ls-img-layer\" alt=\"\" style=\"top:10px;left:10px;\"><img loading=\"lazy\" decoding=\"async\" width=\"1870\" height=\"1063\" src=\"https:\/\/dev.edwradio.com\/wp-content\/uploads\/2025\/04\/Inicio-Slider-3.svg\" class=\"ls-l ls-img-layer\" alt=\"\" style=\"top:8px;left:-49px;width:2074px;height:1063px;\"><img loading=\"lazy\" decoding=\"async\" width=\"1837\" height=\"289\" src=\"https:\/\/dev.edwradio.com\/wp-content\/uploads\/2025\/04\/Inicio-Slider-5.svg\" class=\"ls-l ls-img-layer\" alt=\"\" style=\"top:757px;left:17px;text-align:initial;mix-blend-mode:normal;width:1892px;height:262px;\" data-ls=\"showinfo:1;loop:true;loopoffsetx:220;loopoffsety:-30;loopduration:10000;loopstartat:transitioninstart + 0;loopeasing:easeInOutSine;looprotate:-2;looprotatey:4;loopscaley:1.1;loopcount:-1;loopyoyo:true;position:relative;\"><img loading=\"lazy\" decoding=\"async\" width=\"100\" height=\"100\" src=\"https:\/\/dev.edwradio.com\/wp-content\/uploads\/2025\/02\/Inicio-Slider-6.svg\" class=\"ls-l ls-img-layer\" alt=\"\" style=\"top:653px;left:-335px;text-align:initial;mix-blend-mode:normal;width:2249px;height:674px;line-height:falsepx;\" data-ls=\"showinfo:1;loop:true;loopoffsetx:220;loopoffsety:-30;loopduration:10000;loopstartat:transitioninstart + 0;loopeasing:easeInOutSine;looprotate:-2;looprotatey:4;loopscaley:1.1;loopcount:-1;loopyoyo:true;rotation:1;position:relative;\"><img loading=\"lazy\" decoding=\"async\" width=\"100\" height=\"100\" src=\"https:\/\/dev.edwradio.com\/wp-content\/uploads\/2025\/02\/Inicio-Slider-4.svg\" class=\"ls-l ls-hide-desktop ls-img-layer\" alt=\"\" style=\"top:53px;left:-748px;text-align:initial;mix-blend-mode:overlay;width:2861px;height:1151px;\" data-ls=\"showinfo:1;loop:true;loopoffsetx:200;loopoffsety:-80;loopduration:10000;loopstartat:transitioninstart + 0;loopeasing:easeInOutSine;loopcount:-1;loopyoyo:true;position:relative;\"><\/div><\/div>[\/et_pb_fullwidth_code][\/et_pb_section][et_pb_section fb_built=\u00bb1&#8243; _builder_version=\u00bb4.21.0&#8243; _module_preset=\u00bbdefault\u00bb background_color=\u00bb#000000&#8243; custom_padding=\u00bb112px||18px|||\u00bb global_colors_info=\u00bb{}\u00bb][et_pb_row _builder_version=\u00bb4.21.0&#8243; _module_preset=\u00bbdefault\u00bb custom_padding=\u00bb0px||0px|||\u00bb global_colors_info=\u00bb{}\u00bb][et_pb_column type=\u00bb4_4&#8243; _builder_version=\u00bb4.21.0&#8243; _module_preset=\u00bbdefault\u00bb global_colors_info=\u00bb{}\u00bb][et_pb_text _builder_version=\u00bb4.21.0&#8243; _module_preset=\u00bbdefault\u00bb text_font=\u00bbAcme||||||||\u00bb text_text_color=\u00bb#FFFFFF\u00bb text_font_size=\u00bb100px\u00bb text_letter_spacing=\u00bb18px\u00bb text_line_height=\u00bb2.3em\u00bb use_background_color_gradient=\u00bbon\u00bb background_color_gradient_type=\u00bbcircular\u00bb background_color_gradient_stops=\u00bb#e02b20 0%|#8300e9 100%\u00bb background_layout=\u00bbdark\u00bb max_width=\u00bb100%\u00bb max_width_tablet=\u00bb100%\u00bb max_width_phone=\u00bb100%\u00bb max_width_last_edited=\u00bbon|phone\u00bb module_alignment=\u00bbcenter\u00bb custom_margin=\u00bb0px||||false|false\u00bb custom_margin_tablet=\u00bb0px||||false|false\u00bb custom_margin_phone=\u00bb-56px||-10px||false|false\u00bb custom_margin_last_edited=\u00bbon|phone\u00bb custom_padding=\u00bb6px|0px|0px|0px|false|false\u00bb header_font_size_tablet=\u00bb\u00bb header_font_size_phone=\u00bb25px\u00bb header_font_size_last_edited=\u00bbon|phone\u00bb text_text_shadow_style=\u00bbpreset4&#8243; inline_fonts=\u00bbAlef,Poppins\u00bb global_colors_info=\u00bb{}\u00bb]<\/p>\n<h1 style=\"text-align: center;\"><span style=\"font-family: Poppins; font-weight: normal;\">Nuestras Ventajas<\/span><\/h1>\n<p>[\/et_pb_text][\/et_pb_column][\/et_pb_row][et_pb_row admin_label=\u00bbrow\u00bb _builder_version=\u00bb4.16&#8243; background_size=\u00bbinitial\u00bb background_position=\u00bbtop_left\u00bb background_repeat=\u00bbrepeat\u00bb global_colors_info=\u00bb{}\u00bb][et_pb_column type=\u00bb4_4&#8243; _builder_version=\u00bb4.16&#8243; custom_padding=\u00bb|||\u00bb global_colors_info=\u00bb{}\u00bb custom_padding__hover=\u00bb|||\u00bb][et_pb_text admin_label=\u00bbText\u00bb _builder_version=\u00bb4.25.0&#8243; text_text_color=\u00bb#0C71C3&#8243; background_color=\u00bbRGBA(255,255,255,0)\u00bb background_size=\u00bbinitial\u00bb background_position=\u00bbtop_left\u00bb background_repeat=\u00bbrepeat\u00bb global_colors_info=\u00bb{}\u00bb]<\/p>\n<h4><span style=\"color: #ffffff;\">Ventajas DJs:<\/span><\/h4>\n<p><span style=\"color: #ffffff;\">&#8211; Acceso a nuestra selecci\u00f3n de canciones con permisos de copyright para usar en tus transmisiones \/ sesiones, siempre y cuando nos menciones o pongas nuestro logo.<\/span><\/p>\n<p><span style=\"color: #ffffff;\">&#8211; Posible Insesion, en una importante radio FM de Espa\u00f1a.<\/span><\/p>\n<p><span style=\"color: #ffffff;\">&#8211; Soporte T\u00e9cnico asociado a la configuraci\u00f3n de emisi\u00f3n o retransmisi\u00f3n y arreglo de los problemas con ella.<\/span><\/p>\n<p><span style=\"color: #ffffff;\">&#8211; Que cubramos un evento de forma totalmente gratuita para ti, en el que tu pinches, siempre y cuando cualquiera de nuestros voluntarios pueda hacerlo por disponibilidad o distancia del evento.<\/span><\/p>\n<p><span style=\"color: #ffffff;\">&#8211; Reel\/Tiktok sobre tu emisi\u00f3n o tu pinchando en nuestras redes sociales a partir de la 3\u00ba emisi\u00f3n\/programa o en adelante seg\u00fan la disponibilidad de nuestros voluntarios para su realizaci\u00f3n.<\/span><\/p>\n<p><span style=\"color: #0c71c3;\"><a href=\"https:\/\/forms.gle\/EMztmkw7LbCSmGZZ9\" style=\"color: #0c71c3;\">\u00danete pulsando aqu\u00ed<\/a><\/span><\/p>\n<p><span style=\"color: #ffffff;\">\u00a0<\/span><\/p>\n<h4><span style=\"color: #ffffff;\">Ventajas Voluntariado:<\/span><\/h4>\n<p><span style=\"color: #ffffff;\">&#8211; Ofrecer sus servicios o productos para nuestras plataformas, llev\u00e1ndose un 30% de las ganancias la fundaci\u00f3n, como donaci\u00f3n para la mejora del proyecto.<\/span><\/p>\n<p><span style=\"color: #ffffff;\">&#8211; Formaci\u00f3n en su \u00e1rea o ense\u00f1ar lo que sepamos de esa \u00e1rea.<\/span><\/p>\n<p><span style=\"color: #ffffff;\">&#8211; Servicio t\u00e9cnico inform\u00e1tico (Software) si lo necesitas para poder desarrollar correctamente las tareas asignadas.<\/span><\/p>\n<p><span style=\"color: #ffffff;\">&#8211; VPN con protecci\u00f3n post cu\u00e1ntica, eliminaci\u00f3n de trakers (seguimiento, anunciantes), protecci\u00f3n contra ataques mitm (Hackers), reducci\u00f3n de tarifa de datos en un 30%, de ser necesario para el desempe\u00f1o de sus funciones.<\/span><\/p>\n<p><span style=\"color: #ffffff;\">&#8211; A partir de 5 tareas\/subtareas realizadas puede cubrir eventos (tanto socios como voluntarios). Siempre pensando en quien es el mejor que puede ir seg\u00fan sus habilidades personales y n\u00famero de tareas contabilizadas, sobretodo cuando son festivales.<\/span><\/p>\n<p><span style=\"color: #ffffff;\">&#8211; Ponerte en la p\u00e1gina de agradecimientos en esta web con el link a las redes sociales que nos proporciones, aparte de la menci\u00f3n o etiqueta de colaboraci\u00f3n en todo v\u00eddeo en el que participes en su grabaci\u00f3n o edici\u00f3n. Nos gusta agradecer el trabajo de nuestros voluntarios ya que son parte de el engranaje del proyecto y sin ellos esto no seria posible llevarlo a cabo.<\/span><\/p>\n<p><span style=\"color: #ffffff;\">&#8211; Validaci\u00f3n de aptitudes por LinkedIn.<\/span><\/p>\n<p><span style=\"color: #ffffff;\">&#8211; Todo tu trabajo en el proyecto sirve como portafolio para que te contraten en el trabajo que deseas, como a pasado con algunos de nuestros voluntarios que han conseguido el trabajo de sus sue\u00f1os gracias a usarnos como su portafolio profesional.<\/span><\/p>\n<p><span style=\"color: #0c71c3;\"><a href=\"https:\/\/forms.gle\/BQoxLpa4cMGc3sj98\" style=\"color: #0c71c3;\">\u00danete pulsando aqu\u00ed\u00a0<\/a><\/span><\/p>\n<p><span style=\"color: #ffffff;\">\u00a0<\/span><\/p>\n<h4><span style=\"color: #ffffff;\">Buscamos:<\/span><\/h4>\n<p><span style=\"color: #ffffff;\">&#8211; Editores de V\u00eddeo.<\/span><\/p>\n<p><span style=\"color: #ffffff;\">&#8211; Community managers.<\/span><\/p>\n<p><span style=\"color: #ffffff;\">&#8211; Administrativos.<\/span><\/p>\n<p><span style=\"color: #ffffff;\">&#8211; Dise\u00f1ador@s 3D\/Unity.<\/span><\/p>\n<p><span style=\"color: #ffffff;\">&#8211; Analistas Musicales de distintos estilos de m\u00fasica electr\u00f3nica.<\/span><\/p>\n<p><span style=\"color: #ffffff;\">&#8211; Abogad@s.<\/span><\/p>\n<p><span style=\"color: #ffffff;\">&#8211; Economistas o ADE.<\/span><\/p>\n<p><span style=\"color: #ffffff;\"><a href=\"mailto:Psicolog@s\" style=\"color: #ffffff;\">&#8211; Psicolog@s<\/a>\/RRHH.<\/span><\/p>\n<p><span style=\"color: #ffffff;\">&#8211; Producci\u00f3n y organizadores de eventos.<\/span><\/p>\n<p><span style=\"color: #ffffff;\">&#8211; Operador de c\u00e1mara.<\/span><\/p>\n<p><span style=\"color: #ffffff;\">&#8211; Creadores de contenido RRSS.<\/span><\/p>\n<p><span style=\"color: #ffffff;\">&#8211; <a href=\"mailto:Programador@s\" style=\"color: #ffffff;\">Programador@s Python.<\/a><\/span><\/p>\n<p><span style=\"color: #ffffff;\">&#8211; Maquetadores Web WordPress.<\/span><\/p>\n<p><span style=\"color: #ffffff;\">&#8211; Periodistas.<\/span><\/p>\n<p><span style=\"color: #ffffff;\">&#8211; Ambientador musical.<\/span><\/p>\n<p><span style=\"color: #ffffff;\">&#8211; Administradores\/T\u00e9cnicos de sistemas linux\/windows y Teams.<\/span><\/p>\n<p><span style=\"color: #ffffff;\">&#8211; Comercial.<\/span><\/p>\n<p><span style=\"color: #ffffff;\">&#8211; Marketing.<\/span><\/p>\n<p><span style=\"color: #ffffff;\">&#8211; Ilustradores, dise\u00f1adores gr\u00e1ficos digitales.<\/span><\/p>\n<p><span style=\"color: #ffffff;\">Si no sabes en que nos puedes ayudar, pero te gustar\u00eda colaborar y ayudarnos, m\u00e1ndanos tu curriculum y en que \u00e1rea te gustar\u00eda conseguir m\u00e1s experiencia (aunque no tenga mucho que ver con lo que hacemos) a nuestro <span style=\"color: #8300e9;\"><strong><a href=\"mailto:rrhh@edwradio.com\" style=\"color: #8300e9;\">correo de RRHH<\/a><\/strong><\/span> y te orientaremos hacia la \u00e1rea de nuestro proyecto que m\u00e1s cercan\u00eda tiene a el \u00e1rea en la que quieres experiencia.<\/span><\/p>\n<p>[\/et_pb_text][\/et_pb_column][\/et_pb_row][et_pb_row _builder_version=\u00bb4.22.1&#8243; _module_preset=\u00bbdefault\u00bb global_colors_info=\u00bb{}\u00bb][et_pb_column type=\u00bb4_4&#8243; _builder_version=\u00bb4.22.1&#8243; _module_preset=\u00bbdefault\u00bb global_colors_info=\u00bb{}\u00bb][et_pb_code _builder_version=\u00bb4.22.1&#8243; _module_preset=\u00bbdefault\u00bb global_colors_info=\u00bb{}\u00bb]<\/p>\n<div style=\"position: relative;height: 130px\">\n<div style=\"\"><iframe loading=\"lazy\" width=\"100%\" height=\"130px\" src=\"https:\/\/groover.co\/influencer\/widget\/0.electrodanceworld-radio?color=s-black&#038;ratio=rectangle&#038;format=responsive&#038;size=360&#038;customText=Env\u00edanos tu tema a trav\u00e9s de Groover, \u00a1te garantizamos que lo escucharemos y te daremos nuestra opini\u00f3n !&#038;picture=true\" frameborder=\"0\"><\/iframe><\/div>\n<\/div>\n<p>   [\/et_pb_code][\/et_pb_column][\/et_pb_row][\/et_pb_section][et_pb_section fb_built=\u00bb1&#8243; admin_label=\u00bbPost Slider\u00bb _builder_version=\u00bb4.19.5&#8243; _module_preset=\u00bbdefault\u00bb background_color=\u00bbgcid-1bcf785a-50e1-437b-b09f-65567babc1de\u00bb collapsed=\u00bbon\u00bb global_colors_info=\u00bb{%22gcid-1bcf785a-50e1-437b-b09f-65567babc1de%22:%91%22background_color%22%93}\u00bb][et_pb_row _builder_version=\u00bb4.21.0&#8243; _module_preset=\u00bbdefault\u00bb global_colors_info=\u00bb{}\u00bb][et_pb_column type=\u00bb4_4&#8243; _builder_version=\u00bb4.21.0&#8243; _module_preset=\u00bbdefault\u00bb global_colors_info=\u00bb{}\u00bb][et_pb_text _builder_version=\u00bb4.21.0&#8243; _module_preset=\u00bbdefault\u00bb text_text_color=\u00bb#FFFFFF\u00bb header_font=\u00bb|700|||||||\u00bb header_text_align=\u00bbcenter\u00bb header_text_color=\u00bb#FFFFFF\u00bb header_font_size=\u00bb50px\u00bb header_letter_spacing=\u00bb19px\u00bb text_orientation=\u00bbcenter\u00bb background_layout=\u00bbdark\u00bb header_font_size_tablet=\u00bb50px\u00bb header_font_size_phone=\u00bb40px\u00bb header_font_size_last_edited=\u00bbon|phone\u00bb header_letter_spacing_tablet=\u00bb19px\u00bb header_letter_spacing_phone=\u00bb19px\u00bb header_letter_spacing_last_edited=\u00bbon|phone\u00bb global_colors_info=\u00bb{}\u00bb]<\/p>\n<h1 style=\"text-align: center;\">Noticias<\/h1>\n<p>[\/et_pb_text][\/et_pb_column][\/et_pb_row][et_pb_row _builder_version=\u00bb4.19.5&#8243; _module_preset=\u00bbdefault\u00bb width_tablet=\u00bb70%\u00bb width_phone=\u00bb70%\u00bb width_last_edited=\u00bboff|desktop\u00bb global_colors_info=\u00bb{}\u00bb][et_pb_column type=\u00bb4_4&#8243; _builder_version=\u00bb4.19.2&#8243; _module_preset=\u00bbdefault\u00bb global_colors_info=\u00bb{}\u00bb][et_pb_post_slider posts_number=\u00bb3&#8243; include_categories=\u00bball\u00bb bg_overlay_color=\u00bbrgba(0,0,0,0.5)\u00bb _builder_version=\u00bb4.21.0&#8243; _module_preset=\u00bb73dccf35-bc7f-4ded-a44c-f7626f882731&#8243; header_font_size=\u00bb35px\u00bb meta_font=\u00bb|700|||||||\u00bb background_enable_color=\u00bboff\u00bb custom_margin=\u00bb||||false|false\u00bb custom_padding=\u00bb||158px|||\u00bb text_shadow_style=\u00bbpreset1&#8243; text_shadow_color=\u00bbRGBA(255,255,255,0)\u00bb locked=\u00bboff\u00bb global_colors_info=\u00bb{}\u00bb text_font_size_tablet=\u00bb15px\u00bb text_font_size_phone=\u00bb14px\u00bb text_font_size_last_edited=\u00bbon|desktop\u00bb][\/et_pb_post_slider][\/et_pb_column][\/et_pb_row][\/et_pb_section]<\/p>\n","protected":false},"excerpt":{"rendered":"<p><script type=\"text\/javascript\">jQuery(function() { _initLayerSlider( '#layerslider_2_1vrmfir3h818r', {sliderVersion: '7.11.1', allowFullscreen: true, preventSliderClip: false, pauseOnHover: 'enabled', skin: 'v6', sliderFadeInDuration: 350, globalBGSize: 'cover', showCircleTimer: false, useSrcset: true, skinsPath: 'https:\/\/dev.edwradio.com\/wp-content\/plugins\/LayerSlider\/assets\/static\/layerslider\/skins\/', performanceMode: true}); });<\/script><div id=\"layerslider_2_1vrmfir3h818r\" data-ls-slug=\"Inicio Slider\" class=\"ls-wp-container fitvidsignore ls-selectable\" style=\"width:1920px;height:1080px;margin:0 auto;margin-bottom: 0px;\"><div class=\"ls-slide\" ><img loading=\"lazy\" width=\"1280\" height=\"720\" src=\"https:\/\/dev.edwradio.com\/wp-content\/uploads\/2023\/08\/ls-project-2-slide-1-1.jpg\" class=\"ls-tn\" alt=\"\" decoding=\"async\" srcset=\"https:\/\/dev.edwradio.com\/wp-content\/uploads\/2023\/08\/ls-project-2-slide-1-1.jpg 1280w, https:\/\/dev.edwradio.com\/wp-content\/uploads\/2023\/08\/ls-project-2-slide-1-1-980x551.jpg 980w, https:\/\/dev.edwradio.com\/wp-content\/uploads\/2023\/08\/ls-project-2-slide-1-1-480x270.jpg 480w\" sizes=\"(min-width: 0px) and (max-width: 480px) 480px, (min-width: 481px) and (max-width: 980px) 980px, (min-width: 981px) 1280px, 100vw\" \/><img loading=\"lazy\" width=\"1905\" height=\"1071\" src=\"https:\/\/dev.edwradio.com\/wp-content\/uploads\/2025\/04\/ASummerStory22_2206190559_cDanielVazquez__DSC9785-1-1.svg\" class=\"ls-l ls-img-layer\" alt=\"\" decoding=\"async\" style=\"top:-161px;left:-358px;text-align:initial;mix-blend-mode:normal;width:2750px;height:1234px;\" data-ls=\"showinfo:1;loop:true;loopoffsetx:-220;loopoffsety:-30;loopduration:10000;loopstartat:transitioninstart + 0;loopeasing:easeInOutSine;looprotatey:3;loopscalex:1.2;loopscaley:1.2;loopcount:-1;loopyoyo:true;position:relative;\"><img loading=\"lazy\" width=\"1905\" height=\"1071\" src=\"https:\/\/dev.edwradio.com\/wp-content\/uploads\/2025\/04\/Inicio-Slider-1.svg\" class=\"ls-l ls-img-layer\" alt=\"\" decoding=\"async\" style=\"top:10px;left:10px;\"><img loading=\"lazy\" width=\"1870\" height=\"1063\" src=\"https:\/\/dev.edwradio.com\/wp-content\/uploads\/2025\/04\/Inicio-Slider-3.svg\" class=\"ls-l ls-img-layer\" alt=\"\" decoding=\"async\" style=\"top:8px;left:-49px;width:2074px;height:1063px;\"><img loading=\"lazy\" width=\"1837\" height=\"289\" src=\"https:\/\/dev.edwradio.com\/wp-content\/uploads\/2025\/04\/Inicio-Slider-5.svg\" class=\"ls-l ls-img-layer\" alt=\"\" decoding=\"async\" style=\"top:757px;left:17px;text-align:initial;mix-blend-mode:normal;width:1892px;height:262px;\" data-ls=\"showinfo:1;loop:true;loopoffsetx:220;loopoffsety:-30;loopduration:10000;loopstartat:transitioninstart + 0;loopeasing:easeInOutSine;looprotate:-2;looprotatey:4;loopscaley:1.1;loopcount:-1;loopyoyo:true;position:relative;\"><img loading=\"lazy\" width=\"100\" height=\"100\" src=\"https:\/\/dev.edwradio.com\/wp-content\/uploads\/2025\/02\/Inicio-Slider-6.svg\" class=\"ls-l ls-img-layer\" alt=\"\" decoding=\"async\" style=\"top:653px;left:-335px;text-align:initial;mix-blend-mode:normal;width:2249px;height:674px;line-height:falsepx;\" data-ls=\"showinfo:1;loop:true;loopoffsetx:220;loopoffsety:-30;loopduration:10000;loopstartat:transitioninstart + 0;loopeasing:easeInOutSine;looprotate:-2;looprotatey:4;loopscaley:1.1;loopcount:-1;loopyoyo:true;rotation:1;position:relative;\"><img loading=\"lazy\" width=\"100\" height=\"100\" src=\"https:\/\/dev.edwradio.com\/wp-content\/uploads\/2025\/02\/Inicio-Slider-4.svg\" class=\"ls-l ls-hide-desktop ls-img-layer\" alt=\"\" decoding=\"async\" style=\"top:53px;left:-748px;text-align:initial;mix-blend-mode:overlay;width:2861px;height:1151px;\" data-ls=\"showinfo:1;loop:true;loopoffsetx:200;loopoffsety:-80;loopduration:10000;loopstartat:transitioninstart + 0;loopeasing:easeInOutSine;loopcount:-1;loopyoyo:true;position:relative;\"><\/div><\/div>Nuestras VentajasVentajas DJs: &#8211; Acceso a nuestra selecci\u00f3n de canciones con permisos de copyright para usar en tus transmisiones \/ sesiones, siempre y cuando nos menciones o pongas nuestro logo. &#8211; Posible Insesion, en una importante radio FM de Espa\u00f1a. &#8211; Soporte T\u00e9cnico asociado a la configuraci\u00f3n de emisi\u00f3n o retransmisi\u00f3n y arreglo [&hellip;]<\/p>\n","protected":false},"author":1,"featured_media":0,"parent":0,"menu_order":0,"comment_status":"closed","ping_status":"closed","template":"","meta":{"_et_pb_use_builder":"on","_et_pb_old_content":"<!-- wp:paragraph -->\n<p>This is an example page. It's different from a blog post because it will stay in one place and will show up in your site navigation (in most themes). Most people start with an About page that introduces them to potential site visitors. It might say something like this:<\/p>\n<!-- \/wp:paragraph -->\n\n<!-- wp:quote -->\n<blockquote class=\"wp-block-quote\"><p>Hi there! I'm a bike messenger by day, aspiring actor by night, and this is my website. I live in Los Angeles, have a great dog named Jack, and I like pi&#241;a coladas. (And gettin' caught in the rain.)<\/p><\/blockquote>\n<!-- \/wp:quote -->\n\n<!-- wp:paragraph -->\n<p>...or something like this:<\/p>\n<!-- \/wp:paragraph -->\n\n<!-- wp:quote -->\n<blockquote class=\"wp-block-quote\"><p>The XYZ Doohickey Company was founded in 1971, and has been providing quality doohickeys to the public ever since. Located in Gotham City, XYZ employs over 2,000 people and does all kinds of awesome things for the Gotham community.<\/p><\/blockquote>\n<!-- \/wp:quote -->\n\n<!-- wp:paragraph -->\n<p>As a new WordPress user, you should go to <a href=\"https:\/\/dev.edwradio.com\/wp-admin\/\">your dashboard<\/a> to delete this page and create new pages for your content. Have fun!<\/p>\n<!-- \/wp:paragraph -->","_et_gb_content_width":"","inline_featured_image":false,"footnotes":""},"class_list":["post-2","page","type-page","status-publish","hentry"],"_links":{"self":[{"href":"https:\/\/dev.edwradio.com\/en\/wp-json\/wp\/v2\/pages\/2","targetHints":{"allow":["GET"]}}],"collection":[{"href":"https:\/\/dev.edwradio.com\/en\/wp-json\/wp\/v2\/pages"}],"about":[{"href":"https:\/\/dev.edwradio.com\/en\/wp-json\/wp\/v2\/types\/page"}],"author":[{"embeddable":true,"href":"https:\/\/dev.edwradio.com\/en\/wp-json\/wp\/v2\/users\/1"}],"replies":[{"embeddable":true,"href":"https:\/\/dev.edwradio.com\/en\/wp-json\/wp\/v2\/comments?post=2"}],"version-history":[{"count":23,"href":"https:\/\/dev.edwradio.com\/en\/wp-json\/wp\/v2\/pages\/2\/revisions"}],"predecessor-version":[{"id":1480,"href":"https:\/\/dev.edwradio.com\/en\/wp-json\/wp\/v2\/pages\/2\/revisions\/1480"}],"wp:attachment":[{"href":"https:\/\/dev.edwradio.com\/en\/wp-json\/wp\/v2\/media?parent=2"}],"curies":[{"name":"wp","href":"https:\/\/api.w.org\/{rel}","templated":true}]}}